{"id":171,"date":"2023-04-11T18:13:11","date_gmt":"2023-04-11T12:43:11","guid":{"rendered":"https:\/\/ambcolombo.esteri.it\/servizi-consolari-e-visti\/servizi-per-il-cittadino-italiano\/passaporti-e-carte-didentita\/"},"modified":"2024-05-28T12:45:25","modified_gmt":"2024-05-28T07:15:25","slug":"passaporti-e-carte-didentita","status":"publish","type":"page","link":"https:\/\/ambcolombo.esteri.it\/en\/servizi-consolari-e-visti\/servizi-per-il-cittadino-italiano\/passaporti-e-carte-didentita\/","title":{"rendered":"Passaporti"},"content":{"rendered":"<p>Il passaporto \u00e8 un documento di viaggio e di riconoscimento rilasciato in Italia dalle Questure e all\u2019estero dalle Rappresentanze diplomatico-consolari. La competenza al rilascio del passaporto dipende dal luogo di residenza. Possono dunque richiedere il passaporto all\u2019Ambasciata a Colombo i cittadini italiani residenti nello Sri Lanka o nelle Maldive e regolarmente iscritti all\u2019AIRE (Anagrafe Italiani Residenti all\u2019Estero). Le richieste di rilascio del passaporto da parte di coloro che non sono residenti nello Sri Lanka o alle Maldive saranno accolte in casi gravi ed eccezionali, opportunamente documentati. In questi casi il rilascio \u00e8 comunque subordinato alla concessione di nulla osta e delega da parte dell\u2019Autorit\u00e0 (Questura o Ufficio consolare) competente in base al luogo di residenza dell\u2019interessato.<\/p>\n<p>Il passaporto ha validit\u00e0 di 10 anni, trascorsi i quali occorre richiedere un nuovo passaporto. Il D.M. n. 303\/13 del 23 marzo 2010 ha introdotto, a\u00a0partire dal 20.05.2010, l\u2019obbligo di acquisire, oltre alla foto, anche le impronte digitali e la firma del titolare del passaporto. L\u2019emissione del passaporto elettronico con le impronte digitali richiede quindi la presenza fisica degli interessati presso l\u2019Ufficio consolare in Ambasciata a Colombo, ovvero presso l\u2019Agenzia Consolare onoraria a Mal\u00e8. L\u2019acquisizione delle impronte digitali non \u00e8 necessaria per i\u00a0minori di 12 anni, pertanto non \u00e8 necessaria la loro presenza fisica in Ambasciata, purch\u00e9 una delle 2 foto necessarie per il passaporto sia stata autenticata da una pubblica autorit\u00e0.<\/p>\n<p>Si richiama l\u2019attenzione sul fatto che il rilascio del passaporto italiano \u00e8 comunque subordinato al <strong><u>possesso della cittadinanza italiana<\/u><\/strong>, e che tutti coloro che siano nati all\u2019estero dovranno comprovare di aver richiesto la <strong><u>trascrizione del proprio atto di nascita nei registri di Stato Civile del competente Comune in Italia<\/u><\/strong>. Laddove l\u2019atto di nascita del connazionale non sia gi\u00e0 trascritto in Italia, l\u2019interessato dovr\u00e0 \u2013 prima della richiesta di passaporto \u2013 procedere a far legalizzare il proprio atto di nascita, se srilankese o maldiviano (per info: Procedura legalizzazioni) e a richiedere la trascrizione.<\/p>\n<p><strong>Richiesta di rilascio di un nuovo passaporto<\/strong><br \/>\nLa domanda di rilascio del passaporto, da formulare utilizzando il modulo che si pu\u00f2 scaricare in fondo a questa pagina, deve essere sottoscritta personalmente dal richiedente, e deve essere corredata da:<\/p>\n<ul>\n<li>passaporto scaduto o valido per un periodo inferiore a 90 giorni dalla data di presentazione della richiesta o esaurito nelle pagine o deteriorato;<\/li>\n<li>2 fotografie\u00a0formato tessera recenti, di cui una legalizzata ai sensi dell\u2019art. 34 del D.P.R. 445\/200,\u00a0uguali, frontali, a colori\u00a0<strong>su fondo bianco<\/strong>, conformi alle\u00a0direttive\u00a0della Convenzione dell\u2019International Civil Aviation Organization (<a href=\"https:\/\/ambcolombo.esteri.it\/wp-content\/uploads\/2024\/01\/ALL-03-Passaporto-requisiti-fotografia-e-specifiche-ICAO.pdf\" target=\"_blank\" rel=\"noopener\">specifiche del Documento ICAO 9303<\/a>). Per i maggiorenni e per i minori che abbiano pi\u00f9 di 12 anni l\u2019autenticazione di una foto viene effettuata direttamente al momento del rilascio, per i minori aventi meno di 12 anni, qualora non siano presenti al momento del rilascio del passaporto, l\u2019autenticazione di una foto dovr\u00e0 comunque essere stata effettuata da una pubblica autorit\u00e0.<\/li>\n<\/ul>\n<p>\u00c8 opportuno anticipare sia il modulo di richiesta del passaporto che la documentazione necessaria per il rilascio a mezzo posta elettronica all\u2019indirizzo\u00a0<a href=\"mailto:consolare.ambcolombo@esteri.it\" target=\"_blank\" rel=\"noopener\">consolare.ambcolombo@esteri.it<\/a>\u00a0, sempre accompagnati da copia della pagina del passaporto posseduto dove sono riportate le generalit\u00e0 e la firma,\u00a0<strong>ESCLUSIVAMENTE IN FORMATO PDF E CON RISOLUZIONE NON SUPERIORE AI 200 DPI. L\u2019INVIO DI FILE PIU\u2019 PESANTI RENDERA\u2019 IMPOSSIBILE LA LORO RICEZIONE<\/strong>. Successivamente sar\u00e0 possibile prenotare un appuntamento in Ambasciata tramite portale <a href=\"https:\/\/prenotami.esteri.it\" target=\"_blank\" rel=\"noopener\">https:\/\/prenotami.esteri.it<\/a> . Il giorno dell\u2019appuntamento saranno acquisiti i dati biometrici e verr\u00e0 rilasciato il passaporto.<\/p>\n<p><strong>Dal 14 giugno 2023 sono in vigore importanti modifiche all\u2019art. 3, lettera b) della Legge 1185\/1967 (\u201cNorme sui passaporti\u201d), in base alle quali per i genitori con prole di minore et\u00e0 minore non \u00e8 pi\u00f9 obbligatorio presentare l\u2019assenso dell\u2019atro genitore, ma \u00e8 sufficiente che l\u2019interessato autocertifichi di non essere sottoposto a inibitoria al rilascio del passaporto.<\/strong><\/p>\n<p><strong>Il passaporto per i minori<br \/>\n<\/strong>Dal 26 giugno 2012, \u00e8 obbligatorio il passaporto individuale per tutti i minori di et\u00e0, pertanto non \u00e8 pi\u00f9 possibile ottenere la loro iscrizione sui passaporti dei genitori. I passaporti dei genitori che recano tuttora l\u2019iscrizione di figli minori rimangono comunque validi ma per il solo genitore fino alla naturale scadenza del documento.<br \/>\n<strong>Per i maggiori di 12 anni \u00e8 obbligatoria l\u2019acquisizione della firma e delle impronte digitali.<\/strong><\/p>\n<p>Per il rilascio sono necessari:<\/p>\n<ul>\n<li>l\u2019assenso di ambedue i genitori ovvero la domanda di passaporto sottoscritta da entrambi i genitori;<\/li>\n<li>la presenza di almeno un genitore e dei minori a partire dal compimento del 12\u00b0 anno di et\u00e0.<\/li>\n<\/ul>\n<p>La validit\u00e0 del passaporto \u00e8 di:<\/p>\n<ul>\n<li>3 anni per i minori da 0 a 2 anni;<\/li>\n<li>5 anni per i minori da 3 fino a 17 anni.<\/li>\n<\/ul>\n<p>Per il rilascio del passaporto in favore dei minori, occorre presentarsi in Cancelleria consolare con la seguente documentazione:<\/p>\n<ul>\n<li>una richiesta da formulare secondo il modello in fondo a questa pagina, firmata da entrambi i genitori, oppure da uno dei genitori con l\u2019atto di assenso dell\u2019altro genitore, completo della fotocopia di un documento d\u2019identit\u00e0 dello stesso;<\/li>\n<li>2 fotografie formato tessera\u00a0uguali, frontali,\u00a0<strong>su sfondo bianco<\/strong>\u00a0e conformi alle\u00a0<a href=\"https:\/\/ambcolombo.esteri.it\/wp-content\/uploads\/2024\/01\/ALL-03-Passaporto-requisiti-fotografia-e-specifiche-ICAO.pdf\" target=\"_blank\" rel=\"noopener\">direttive\u00a0della Convenzione dell\u2019International Civil Aviation Organization (ICAO)<\/a>, di cui una deve essere autenticata come chiarito sopra;<\/li>\n<li>certificato di nascita (ove non sia stato ancora trascritto nei registri di Stato Civile in Italia), debitamente legalizzato;<\/li>\n<li>il passaporto eventualmente posseduto in precedenza.<\/li>\n<\/ul>\n<p><strong>DICHIARAZIONI DI ACCOMPAGNAMENTO<br \/>\n<\/strong>I minori di et\u00e0 inferiore a 14 anni che devono viaggiare senza i genitori o gli esercenti la potest\u00e0 parentale, devono essere muniti di apposita dichiarazione di accompagnamento da richiedere preventivamente presso l\u2019autorit\u00e0 consolare o la Questura competente compilando la relativa domanda.<\/p>\n<p>Tale dichiarazione va sottoscritta dagli esercenti la responsabilit\u00e0 genitoriale o tutoria, alla presenza del funzionario addetto. La dichiarazione pu\u00f2 essere anche presentata gi\u00e0 sottoscritta, anche per fax o per via telematica, e in tal caso \u00e8 necessario allegare una copia fotostatica non autenticata di un documento di identit\u00e0. Deve essere sempre autenticata da un funzionario la firma del genitore o del tutore cittadino di un Paese non aderente all\u2019Unione Europea e non regolarmente residente in Italia. L\u2019autorizzazione verr\u00e0 rilasciata sulla base della dichiarazione di accompagnamento dei genitori o degli esercenti la potest\u00e0, e recher\u00e0 il nome della persona o della ditta o compagnia aerea cui i minori verranno affidati per il viaggio. In alternativa, tale nome potr\u00e0 essere riportato, a richiesta degli esercenti la potest\u00e0 genitoriale, sul passaporto del minore. La dichiarazione di accompagnamento e l\u2019autorizzazione sono valide per un solo viaggio di andata e ritorno.<\/p>\n<p><strong>Furto o smarrimento del passaporto<\/strong><\/p>\n<p>Coloro che abbiano subito il furto del passaporto o che lo abbiano smarrito nello Sri Lanka o alle Maldive devono innanzitutto sporgere al pi\u00f9 presto regolare denuncia alle Autorit\u00e0 di polizia locali, presso la stazione di polizia pi\u00f9 vicina. Una seconda denuncia deve essere inoltre sottoscritta per le Autorit\u00e0 italiane. Sar\u00e0 quindi possibile richiedere il rilascio di un nuovo passaporto alla Cancelleria consolare dell\u2019Ambasciata, in caso di residenza nella Circoscrizione consolare, oppure di un Emergency Travel Document (ETD) nel caso in cui gli interessati si trovino solo temporaneamente nello Sri Lanka o alle Maldive e necessitino di far subito rientro in Italia. Maggiori informazioni sugli ETD sono disponibili <a href=\"https:\/\/ambcolombo.esteri.it\/it\/servizi-consolari-e-visti\/servizi-per-il-cittadino-italiano\/emergency-travel-documents-etd\/\" target=\"_blank\" rel=\"noopener\">qui<\/a>.<\/p>\n<p><strong>Percezioni consolari<\/strong><\/p>\n<p>In base alla legge n. 89 del 2014, per il rilascio del\u00a0<strong>passaporto<\/strong>\u00a0\u00e8 previsto il pagamento di una percezione consolare di\u00a0<strong>116.00 Euro<\/strong>, ovvero 73.50 Euro per il contributo amministrativo e 42.50 Euro per il libretto.<br \/>\nLa normativa vigente non prevede pi\u00f9 il pagamento di una tassa annuale di passaporto.<br \/>\n<strong>Le percezioni consolari devono essere saldate in valuta locale al tasso di cambio ministeriale stabilito trimestralmente.<\/strong><\/p>\n<p>Ulteriori informazioni in materia di passaporti e documenti di viaggio sono disponibili\u00a0<a href=\"https:\/\/www.esteri.it\/it\/servizi-consolari-e-visti\/italiani-all-estero\/documenti_di_viaggio\/passaporto\/\">qui.<\/a><\/p>\n<p>Moduli:<\/p>\n<p><a href=\"https:\/\/ambcolombo.esteri.it\/wp-content\/uploads\/2024\/01\/modulo_richiesta_passaporto-06.2023.pdf\" target=\"_blank\" rel=\"noopener\">Domanda di PASSAPORTO<\/a><\/p>\n<p><a href=\"https:\/\/ambcolombo.esteri.it\/wp-content\/uploads\/2024\/01\/modulo-domanda-passaporto-minorenni-03.2023.pdf\" target=\"_blank\" rel=\"noopener\">Domanda di passaporto per minorenni<\/a><\/p>\n<p><a href=\"https:\/\/ambcolombo.esteri.it\/wp-content\/uploads\/2024\/01\/Assenso-passaporto-genitore-minori-bilingue-03.2023.pdf\" target=\"_blank\" rel=\"noopener\">Atto di assenso al rilascio del passaporto in favore del figlio minorenne<\/a><\/p>\n","protected":false},"excerpt":{"rendered":"Il passaporto \u00e8 un documento di viaggio e di riconoscimento rilasciato in Italia dalle Questure e all\u2019estero dalle Rappresentanze diplomatico-consolari. La competenza al rilascio del passaporto dipende dal luogo di residenza. Possono dunque richiedere il passaporto all\u2019Ambasciata a Colombo i cittadini italiani residenti nello Sri Lanka o nelle Maldive e regolarmente iscritti all\u2019AIRE (Anagrafe Italiani [&hellip;]","protected":false},"author":1,"featured_media":0,"parent":170,"menu_order":0,"comment_status":"closed","ping_status":"closed","template":"","meta":{"footnotes":""},"class_list":["post-171","page","type-page","status-publish","hentry"],"_links":{"self":[{"href":"https:\/\/ambcolombo.esteri.it\/en\/wp-json\/wp\/v2\/pages\/171","targetHints":{"allow":["GET"]}}],"collection":[{"href":"https:\/\/ambcolombo.esteri.it\/en\/wp-json\/wp\/v2\/pages"}],"about":[{"href":"https:\/\/ambcolombo.esteri.it\/en\/wp-json\/wp\/v2\/types\/page"}],"author":[{"embeddable":true,"href":"https:\/\/ambcolombo.esteri.it\/en\/wp-json\/wp\/v2\/users\/1"}],"replies":[{"embeddable":true,"href":"https:\/\/ambcolombo.esteri.it\/en\/wp-json\/wp\/v2\/comments?post=171"}],"version-history":[{"count":3,"href":"https:\/\/ambcolombo.esteri.it\/en\/wp-json\/wp\/v2\/pages\/171\/revisions"}],"predecessor-version":[{"id":1275,"href":"https:\/\/ambcolombo.esteri.it\/en\/wp-json\/wp\/v2\/pages\/171\/revisions\/1275"}],"up":[{"embeddable":true,"href":"https:\/\/ambcolombo.esteri.it\/en\/wp-json\/wp\/v2\/pages\/170"}],"wp:attachment":[{"href":"https:\/\/ambcolombo.esteri.it\/en\/wp-json\/wp\/v2\/media?parent=171"}],"curies":[{"name":"wp","href":"https:\/\/api.w.org\/{rel}","templated":true}]}}