{"id":1225,"date":"2024-05-20T16:33:41","date_gmt":"2024-05-20T11:03:41","guid":{"rendered":"https:\/\/ambcolombo.esteri.it\/?page_id=1225"},"modified":"2026-04-20T09:46:46","modified_gmt":"2026-04-20T04:16:46","slug":"carta-didentita-elettronica-cie","status":"publish","type":"page","link":"https:\/\/ambcolombo.esteri.it\/it\/servizi-consolari-e-visti\/servizi-per-il-cittadino-italiano\/carta-didentita-elettronica-cie\/","title":{"rendered":"Carta d\u2019identit\u00e0 Elettronica (CIE)"},"content":{"rendered":"<p><img loading=\"lazy\" decoding=\"async\" class=\"alignnone size-medium wp-image-1226 img-fluid\" src=\"https:\/\/ambcolombo.esteri.it\/wp-content\/uploads\/2024\/05\/Facsimile-CIE-300x190.jpg\" alt=\"\" width=\"300\" height=\"190\" srcset=\"https:\/\/ambcolombo.esteri.it\/wp-content\/uploads\/2024\/05\/Facsimile-CIE-300x190.jpg 300w, https:\/\/ambcolombo.esteri.it\/wp-content\/uploads\/2024\/05\/Facsimile-CIE.jpg 650w\" sizes=\"auto, (max-width: 300px) 100vw, 300px\" \/><\/p>\n<p><strong>Che cos\u2019\u00e8 la carta d\u2019identit\u00e0 elettronica (CIE)?<\/strong><\/p>\n<p>La Carta di Identit\u00e0 Elettronica \u00e8 il documento d\u2019identit\u00e0 dei cittadini italiani emesso dal Ministero dell\u2019Interno e prodotto dal Poligrafico e Zecca dello Stato che, grazie a sofisticati elementi di sicurezza e anticontraffazione, permette l\u2019accertamento dell\u2019identit\u00e0 del possessore e l\u2019accesso ai servizi digitali delle Pubblica Amministrazione.<\/p>\n<p>La CIE valida per l\u2019espatrio permette la circolazione nell\u2019Unione Europea, in alcuni Stati dell\u2019area Schengen (ad es. Islanda, Norvegia e Svizzera) e in altri Stati con cui sono stati raggiunti accordi bilaterali (vedasi le singole \u201cschede Paese\u201d sul sito <a href=\"http:\/\/www.viaggiaresicuri.it\/\"><strong>www.viaggiaresicuri.it<\/strong><\/a>).<\/p>\n<p><strong>Chi pu\u00f2 richiedere il rilascio della CIE in Ambasciata?<\/strong><\/p>\n<p><strong>La CIE sar\u00e0 rilasciata esclusivamente ai cittadini italiani stabilmente residenti nello Sri Lanka e alle Maldive <span style=\"text-decoration: underline;\">con iscrizione AIRE in regola<\/span>. <\/strong><\/p>\n<p>E\u2019 altres\u00ec indispensabile, per i cittadini italiani nati all\u2019estero, che il relativo <strong>atto di nascita risulti gi\u00e0 trascritto nei registri di Stato Civile del Comune<\/strong> di riferimento, in quanto gli estremi della trascrizione devono essere riportati sulla CIE.<\/p>\n<p><strong>Nel caso si sia cambiato indirizzo di residenza<\/strong> (rispetto a quello comunicato in precedenza all\u2019Ufficio Consolare), sar\u00e0 necessario chiedere la variazione di indirizzo tramite il portale <strong><a href=\"https:\/\/serviziconsolari.esteri.it\/ScoFE\/index.sco\">FAST.IT<\/a> <\/strong>prima di procedere alla prenotazione per il rilascio della CIE.<\/p>\n<p><span style=\"text-decoration: underline;\"><strong>NOTA BENE: A decorrere dal 1\u00b0 giugno 2026 i cittadini iscritti all\u2019Anagrafe degli Italiani<\/strong><\/span><span style=\"text-decoration: underline;\"><strong>Residenti all\u2019Estero (AIRE) possono presentare la domanda per il rilascio della carta d&#8217;identit\u00e0 elettronica presso qualsiasi Comune italiano. La carta d\u2019identit\u00e0 sar\u00e0 consegnata con le medesime modalit\u00e0 previste in caso di domanda presentata tramite l\u2019Ufficio consolare, con facolt\u00e0 per l\u2019interessato di ritirarla personalmente presso il Comune ovvero di richiederne la spedizione all\u2019estero.<\/strong><\/span><\/p>\n<p><strong>Quando e come richiedere la CIE in Ambasciata?<\/strong><\/p>\n<p>\u00c8 possibile richiedere la CIE nei seguenti casi:<\/p>\n<ul>\n<li>prima emissione (non si sia in possesso di una carta d\u2019identit\u00e0);<\/li>\n<li>furto, smarrimento o deterioramento della carta d\u2019identit\u00e0;<\/li>\n<li>in sostituzione di una carta di identit\u00e0 cartacea o di una CIE di I e II generazione (emessa prima del 4 luglio 2016).<\/li>\n<\/ul>\n<p>Per richiedere il rilascio della carta d\u2019identit\u00e0 elettronica \u00e8 necessario:<\/p>\n<ul>\n<li><strong>prenotare un appuntamento selezionando il <u>servizio \u201cDocumenti di identit\u00e0\/viaggio\u201d<\/u> sulla piattaforma <\/strong><strong><a href=\"https:\/\/prenotami.esteri.it\/\">Prenot@mi<\/a><\/strong>.<\/li>\n<li><strong>Inviare il formulario di richiesta (scarica il form per <a href=\"https:\/\/ambcolombo.esteri.it\/wp-content\/uploads\/2024\/05\/Modulo-richiesta-CIE-maggiorenne-Colombo.pdf\">ADULTI<\/a> \u2013 <a href=\"https:\/\/ambcolombo.esteri.it\/wp-content\/uploads\/2024\/05\/Modulo-richiesta-CIE-minorenne-Colombo.pdf\">MINORENNI<\/a>) e copia fronte retro della carta d\u2019identit\u00e0 in uso <span style=\"text-decoration: underline;\">almeno 7 giorni prima dell\u2019appuntamento<\/span> all\u2019indirizzo email <\/strong><a href=\"mailto:singapore.passaporti@esteri.it\"><strong>consolare.ambcolombo@esteri.it<\/strong><\/a><strong>. <span style=\"text-decoration: underline;\">In caso di mancato invio del formulario di richiesta almeno 7 giorni prima dell&#8217;appuntamento, l&#8217;appuntamento verr\u00e0 annullato.<\/span><br \/>\n<\/strong><\/li>\n<\/ul>\n<p>Sar\u00e0 possibile effettuare una prenotazione singola oppure una prenotazione multipla da un unico account (per un massimo di due familiari aggiuntivi).<\/p>\n<p>Prima di accedere al calendario del servizio CIE e scegliere la prima data utile, \u00e8 necessario compilare i campi obbligatori proposti dal sistema.<\/p>\n<p>Nel caso in cui, a seguito delle verifiche, emergessero elementi ostativi al rilascio della CIE, sar\u00e0 cura di questa Ambasciata informarne l\u2019interessato anche ai fini della cancellazione dell\u2019appuntamento.<\/p>\n<p>La presenza del richiedente e\/o del titolare della carta, se maggiore di 12 anni, \u00e8 obbligatoria al momento dell\u2019appuntamento ai fini dell\u2019acquisizione dei dati biometrici.<\/p>\n<p>In caso di smarrimento\/furto della carta d\u2019identit\u00e0 cartacea\/elettronica in corso di validit\u00e0 sar\u00e0 necessario presentare formale denuncia alla Polizia di Singapore e presentarla a questo Ufficio in concomitanza dell\u2019appuntamento congiuntamente all\u2019apposito modulo <a href=\"https:\/\/ambcolombo.esteri.it\/wp-content\/uploads\/2024\/05\/MOD.-SMARRIMENTO-FURTO-CIE.pdf\"><strong>scaricabile qui<\/strong><\/a>.<\/p>\n<p><strong>Qual \u00e8 la documentazione necessaria da portare con s\u00e9 al momento dell\u2019appuntamento per richiedere la CIE?<\/strong><\/p>\n<ul>\n<li>Una fotografia recente, formato tessera (facoltativa per i maggiori di 12 anni che potranno effettuare le foto allo sportello consolare);<\/li>\n<li>Carta di identit\u00e0 in uso. In mancanza di questa, un documento di riconoscimento italiano in corso di validit\u00e0;<\/li>\n<li>Dichiarazione di smarrimento\/furto precedente documento in corso di validit\u00e0 (<strong><a href=\"https:\/\/ambcolombo.esteri.it\/wp-content\/uploads\/2024\/05\/MOD.-SMARRIMENTO-FURTO-CIE.pdf\">scarica<\/a><\/strong>);<\/li>\n<li>Atto di assenso di entrambi genitori nel caso in cui il richiedente sia un minore di 18 anni (<a href=\"https:\/\/ambcolombo.esteri.it\/wp-content\/uploads\/2024\/05\/MODULO-ASSENSO-CIE.pdf\"><strong>scarica<\/strong><\/a>);<\/li>\n<li><strong>Contanti<\/strong> per il pagamento in LKR.<\/li>\n<\/ul>\n<p>Il costo della CIE ammonta al corrispettivo in LKR di <strong>\u20ac 21,95<\/strong> in caso di primo rilascio o rinnovo e <strong>\u20ac 27,11<\/strong> in caso di duplicato per furto, smarrimento o deterioramento di CIE ancora in corso di validit\u00e0.<\/p>\n<p><strong>Come si riceve la Carta d\u2019identit\u00e0 elettronica?<\/strong><\/p>\n<p>La CIE non \u00e8 rilasciata il giorno dell\u2019appuntamento ma sar\u00e0 inviata dall\u2019Italia tramite raccomandata, a cura dell\u2019Istituto Poligrafico e Zecca dello Stato, direttamente all\u2019indirizzo prescelto dal richiedente. Il richiedente potr\u00e0 verificare la tracciabilit\u00e0 della spedizione sul sito di Poste italiane <strong><a href=\"https:\/\/www.poste.it\/prodotti\/raccomandata.html\">https:\/\/www.poste.it\/prodotti\/raccomandata.html<\/a><\/strong> cliccando su \u201cCerca spedizioni\u201d e inserendo il numero di raccomandata indicato sulla ricevuta di richiesta CIE consegnata in sede di appuntamento.<\/p>\n<p>In caso di mancato ritiro a seguito di tre tentativi, la CIE verr\u00e0\u00a0 presa in consegna dall\u2019Ambasciata che provveder\u00e0 a contattare l\u2019interessato\/a per dar seguito al ritiro brevi manu.<\/p>\n<p><strong>Quanto tempo vale la CIE?<\/strong><\/p>\n<p>La validit\u00e0 della CIE varia a seconda dell\u2019et\u00e0 del titolare ed \u00e8 di:<\/p>\n<p>\u2013 3 anni per i minori di et\u00e0 inferiore a 3 anni;<\/p>\n<p>\u2013 5 anni per i minori di et\u00e0 compresa tra i 3 e i 18 anni;<\/p>\n<p>\u2013 10 anni per i maggiorenni.<\/p>\n<p><strong>Cos\u2019\u00e8 l\u2019atto di assenso?<\/strong><\/p>\n<p>L\u2019assenso per il rilascio della carta di identit\u00e0 per minorenni \u00e8 necessario anche in caso di genitori non sposati, separati o divorziati. Se l\u2019altro genitore \u00e8 un cittadino comunitario, non \u00e8 necessaria la presenza in Consolato dello stesso ma sar\u00e0 sufficiente presentare il formulario di assenso debitamente compilato e firmato insieme alla copia del passaporto o della carta d\u2019identit\u00e0 di chi concede l\u2019assenso. Se il genitore che concede l\u2019assenso ha cittadinanza di un Paese extra-UE, deve firmare la dichiarazione di assenso in presenza nel giorno dell\u2019appuntamento, munito di documento di identit\u00e0;<\/p>\n<p><strong>Modulistica:<\/strong><\/p>\n<p>1) <a href=\"https:\/\/ambcolombo.esteri.it\/wp-content\/uploads\/2024\/05\/Modulo-richiesta-CIE-maggiorenne-Colombo.pdf\"><strong>Modulo Richiesta Emissione CIE per Adulti<\/strong><\/a><\/p>\n<p>2) <a href=\"https:\/\/ambcolombo.esteri.it\/wp-content\/uploads\/2024\/05\/Modulo-richiesta-CIE-minorenne-Colombo.pdf\"><strong>Modulo Richiesta Emissione CIE per Figli Minori<\/strong><\/a><\/p>\n<p>3) <a href=\"https:\/\/ambcolombo.esteri.it\/wp-content\/uploads\/2024\/05\/MOD.-SMARRIMENTO-FURTO-CIE.pdf\"><strong>Modulo smarrimento\/furto CI\/CIE<\/strong><\/a><\/p>\n<p>4) <a href=\"https:\/\/ambcolombo.esteri.it\/wp-content\/uploads\/2024\/05\/MODULO-ASSENSO-CIE.pdf\"><strong>Modulo assenso<\/strong><\/a><\/p>\n<p>&nbsp;<\/p>\n","protected":false},"excerpt":{"rendered":"Che cos\u2019\u00e8 la carta d\u2019identit\u00e0 elettronica (CIE)? La Carta di Identit\u00e0 Elettronica \u00e8 il documento d\u2019identit\u00e0 dei cittadini italiani emesso dal Ministero dell\u2019Interno e prodotto dal Poligrafico e Zecca dello Stato che, grazie a sofisticati elementi di sicurezza e anticontraffazione, permette l\u2019accertamento dell\u2019identit\u00e0 del possessore e l\u2019accesso ai servizi digitali delle Pubblica Amministrazione. La CIE [&hellip;]","protected":false},"author":6,"featured_media":0,"parent":47,"menu_order":0,"comment_status":"closed","ping_status":"closed","template":"","meta":{"footnotes":""},"class_list":["post-1225","page","type-page","status-publish","hentry"],"_links":{"self":[{"href":"https:\/\/ambcolombo.esteri.it\/it\/wp-json\/wp\/v2\/pages\/1225","targetHints":{"allow":["GET"]}}],"collection":[{"href":"https:\/\/ambcolombo.esteri.it\/it\/wp-json\/wp\/v2\/pages"}],"about":[{"href":"https:\/\/ambcolombo.esteri.it\/it\/wp-json\/wp\/v2\/types\/page"}],"author":[{"embeddable":true,"href":"https:\/\/ambcolombo.esteri.it\/it\/wp-json\/wp\/v2\/users\/6"}],"replies":[{"embeddable":true,"href":"https:\/\/ambcolombo.esteri.it\/it\/wp-json\/wp\/v2\/comments?post=1225"}],"version-history":[{"count":4,"href":"https:\/\/ambcolombo.esteri.it\/it\/wp-json\/wp\/v2\/pages\/1225\/revisions"}],"predecessor-version":[{"id":3048,"href":"https:\/\/ambcolombo.esteri.it\/it\/wp-json\/wp\/v2\/pages\/1225\/revisions\/3048"}],"up":[{"embeddable":true,"href":"https:\/\/ambcolombo.esteri.it\/it\/wp-json\/wp\/v2\/pages\/47"}],"wp:attachment":[{"href":"https:\/\/ambcolombo.esteri.it\/it\/wp-json\/wp\/v2\/media?parent=1225"}],"curies":[{"name":"wp","href":"https:\/\/api.w.org\/{rel}","templated":true}]}}