{"id":123,"date":"2023-09-25T15:18:30","date_gmt":"2023-09-25T13:18:30","guid":{"rendered":"https:\/\/ambasciatatirana.esteri.it\/?page_id=123"},"modified":"2026-03-11T11:36:14","modified_gmt":"2026-03-11T06:06:14","slug":"contatti","status":"publish","type":"page","link":"https:\/\/ambcolombo.esteri.it\/it\/chi-siamo\/contatti\/","title":{"rendered":"Contatti"},"content":{"rendered":"<p><em><span style=\"color: #ff0000;\"><strong>(!) L\u2019oggetto delle e-mail deve consistere in: NOMINATIVO COMPLETO e DATA DI NASCITA<\/strong><\/span><\/em><\/p>\n<p><strong>Ambasciata d\u2019Italia a Colombo<\/strong><br \/>\n55, Jawatta Road<br \/>\nColombo 5<br \/>\nSri Lanka<br \/>\nTel.:\u00a0+94 11 2588388<br \/>\nFax: +94 11 2596344<br \/>\nE-mail:\u00a0<a href=\"mailto:ambasciata.colombo@esteri.it\">ambasciata.colombo@esteri.it<\/a><br \/>\nPEC:\u00a0<a href=\"mailto:amb.colombo@cert.esteri.it\">amb.colombo@cert.esteri.it<\/a><\/p>\n<p><em>Centralino disponibile dal luned\u00ec al gioved\u00ec dalle 9:00 alle 16:30 e il venerd\u00ec dalle 9:00 alle 14:00.<br \/>\n<em>Per informazioni sugli orari di apertura dell&#8217;Ambasciata consultare la sezione &#8220;Gli Uffici&#8221;<\/em><\/em><\/p>\n<p><strong>UFFICIO CONSOLARE\u00a0\u00a0\u00a0\u00a0\u00a0<\/strong><br \/>\ne-mail:\u00a0<a href=\"mailto:consolare.ambcolombo@esteri.it\">consolare.ambcolombo@esteri.it<\/a><br \/>\nPEC:\u00a0<a href=\"mailto:amb.colombo.pass@cert.esteri.it\">amb.colombo.pass@cert.esteri.it<\/a><\/p>\n<p><strong>UFFICIO VISTI<\/strong><br \/>\ne-mail: <a href=\"mailto:visti.ambcolombo@esteri.it\">visti.ambcolombo@esteri.it<\/a><br \/>\nPEC:\u00a0<a href=\"mailto:amb.colombo.visti@cert.esteri.it\">amb.colombo.visti@cert.esteri.it<\/a><\/p>\n<p>&gt; Per informazioni sulle modalit\u00e0 con cui possono essere presentate le domande di visto, si prega di visitare il sito web della societ\u00e0 esterna di outsourcing: <a href=\"http:\/\/www.italy-vfs.com\/\"><strong>VFS \u2013 Italian Visa Application Center<\/strong><\/a>.<\/p>\n<p><strong>UFFICIO COMMERCIALE\u00a0\u00a0\u00a0<\/strong><br \/>\ne-mail:\u00a0<a href=\"mailto:commerciale.ambcolombo@esteri.it\">commerciale.colombo@esteri.it<\/a><\/p>\n<p><strong>UFFICIO AMMINISTRATIVO<\/strong><br \/>\ne-mail:\u00a0<a href=\"mailto:contabilita.ambcolombo@esteri.it\">contabilita.ambcolombo@esteri.it<\/a><\/p>\n<p><strong>\u00a0<\/strong><br \/>\n<strong>TELEFONO DI EMERGENZA\u00a0\u2013 SOLO PER I CONNAZIONALI:<\/strong> <span style=\"color: #ff0000;\"><strong>+94 (0) 777488688 (*)<\/strong><\/span><br \/>\nIl numero \u00e8 attivo nei seguenti orari di chiusura degli uffici dell\u2019Ambasciata:<\/p>\n<p>\u2013 dal luned\u00ec al gioved\u00ec dalle 18.00 alle 22.00<br \/>\n\u2013 il venerd\u00ec dalle 15.30 alle 22.00<br \/>\n\u2013 sabato, domenica e festivi dalle 08.00 alle 22.00<\/p>\n<p>Nel caso di emergenze tra le ore 22:00 e le 8:00 \u00e8 possibile contattare l\u2019<a href=\"https:\/\/www.esteri.it\/it\/unita_crisi\/\">Unit\u00e0 di Crisi del Ministero degli Affari Esteri e della Cooperazione Internazionale<\/a> al numero\u00a0<strong>+39 06 36225<\/strong>.<\/p>\n<p>Si ricorda che l\u2019utilizzo improprio del cellulare di emergenza \u00e8 regolato dall\u2019Art. 658 del Codice Penale.<\/p>\n<p><span style=\"color: #ff0000;\"><em>(*) DESTINATO ESCLUSIVAMENTE A COMPROVATE\u00a0<strong>EMERGENZE<\/strong>\u00a0DEI\u00a0<strong>CITTADINI ITALIANI\u00a0FUORI DALL\u2019ORARIO\u00a0D\u2019UFFICIO<\/strong>. QUESTO NUMERO DI TELEFONO\u00a0<strong>NON RILASCIA INFORMAZIONI DI ALCUN GENERE SUI SERVIZI DI QUESTA AMBASCIATA<\/strong>.<\/em><\/p>\n<p><\/span><\/p>\n<p><strong>Agenzia Consolare Onoraria d\u2019Italia alle Maldive<\/strong><\/p>\n<p>Consolato Onorario d\u2019Italia a Mal\u00e9:<br \/>\nH. Maaram Building, Mal\u00e9<br \/>\nRepublic of Maldives<br \/>\nCell. di reperibilit\u00e0\u00a0<u>solo in casi d\u2019emergenza<\/u>\u00a0:\u00a0<span class=\"baec5a81-e4d6-4674-97f3-e9220f0136c1\">+960 7786773, \u00a0oppure +9609559246, +96 07 78 6773.<\/span><br \/>\nE-mail:\u00a0<a href=\"mailto:male.onorario@esteri.it\">male.onorario@esteri.it<\/a><\/p>\n","protected":false},"excerpt":{"rendered":"(!) L\u2019oggetto delle e-mail deve consistere in: NOMINATIVO COMPLETO e DATA DI NASCITA Ambasciata d\u2019Italia a Colombo 55, Jawatta Road Colombo 5 Sri Lanka Tel.:\u00a0+94 11 2588388 Fax: +94 11 2596344 E-mail:\u00a0ambasciata.colombo@esteri.it PEC:\u00a0amb.colombo@cert.esteri.it Centralino disponibile dal luned\u00ec al gioved\u00ec dalle 9:00 alle 16:30 e il venerd\u00ec dalle 9:00 alle 14:00. Per informazioni sugli orari di [&hellip;]","protected":false},"author":1,"featured_media":0,"parent":13,"menu_order":4,"comment_status":"closed","ping_status":"closed","template":"","meta":{"footnotes":""},"class_list":["post-123","page","type-page","status-publish","hentry"],"_links":{"self":[{"href":"https:\/\/ambcolombo.esteri.it\/it\/wp-json\/wp\/v2\/pages\/123","targetHints":{"allow":["GET"]}}],"collection":[{"href":"https:\/\/ambcolombo.esteri.it\/it\/wp-json\/wp\/v2\/pages"}],"about":[{"href":"https:\/\/ambcolombo.esteri.it\/it\/wp-json\/wp\/v2\/types\/page"}],"author":[{"embeddable":true,"href":"https:\/\/ambcolombo.esteri.it\/it\/wp-json\/wp\/v2\/users\/1"}],"replies":[{"embeddable":true,"href":"https:\/\/ambcolombo.esteri.it\/it\/wp-json\/wp\/v2\/comments?post=123"}],"version-history":[{"count":7,"href":"https:\/\/ambcolombo.esteri.it\/it\/wp-json\/wp\/v2\/pages\/123\/revisions"}],"predecessor-version":[{"id":2911,"href":"https:\/\/ambcolombo.esteri.it\/it\/wp-json\/wp\/v2\/pages\/123\/revisions\/2911"}],"up":[{"embeddable":true,"href":"https:\/\/ambcolombo.esteri.it\/it\/wp-json\/wp\/v2\/pages\/13"}],"wp:attachment":[{"href":"https:\/\/ambcolombo.esteri.it\/it\/wp-json\/wp\/v2\/media?parent=123"}],"curies":[{"name":"wp","href":"https:\/\/api.w.org\/{rel}","templated":true}]}}