{"id":15,"date":"2023-04-11T17:08:57","date_gmt":"2023-04-11T15:08:57","guid":{"rendered":"https:\/\/ambasciatapraga.esteri.it\/?page_id=15"},"modified":"2024-10-21T16:47:31","modified_gmt":"2024-10-21T11:17:31","slug":"servizi-consolari-e-visti","status":"publish","type":"page","link":"https:\/\/ambcolombo.esteri.it\/it\/servizi-consolari-e-visti\/","title":{"rendered":"Servizi Consolari e Visti"},"content":{"rendered":"<p class=\"boxLevel03\"><strong>Servizi Consolari<\/strong><\/p>\n<p>I servizi consolari sono erogati secondo principi di eguaglianza, imparzialit\u00e0, efficienza e trasparenza.<\/p>\n<p>Le Ambasciate ed i Consolati assicurano a tutti i connazionali tutela in caso di violazione dei loro diritti fondamentali e di limitazione o privazione della loro libert\u00e0 personale. Inoltre assicurano assistenza per i casi di emergenza, per la ricerca di familiari, per le pratiche di successione aperte all&#8217;estero e per il rimpatrio delle salme.<br \/>\nPer accedere ad informazioni sempre aggiornate sui principali servizi forniti dalla rete diplomatico-consolare, visitare il sito<br \/>\n<a href=\"https:\/\/www.esteri.it\/it\/servizi-consolari-e-visti\/italiani-all-estero\/\">Servizi agli Italiani all\u2019estero \u2013 Ministero degli Affari Esteri e della Cooperazione Internazionale<\/a><\/p>\n<p>AVVISO IMPORTANTE : L`Ambasciata d`Italia in Sri Lanka non ha alcun traduttore\/interprete &#8220;ufficiale&#8221;, e chiunque asserisca o si attribuisca tale titolo sta in realt\u00e0 fornendo un`informazione falsa all`utenza<\/p>\n<p>&nbsp;<\/p>\n<p><b>Modalit\u00e0<\/b><strong>\u00a0di accesso al pubblico<\/strong><\/p>\n<p>Al fine di migliorare il servizio, a partire dal 21\/10\/2022 \u00e8 attivo un nuovo sistema online di prenotazione appuntamenti per i servizi consolari offerti dall\u2019Ambasciata, disponibile al link <a href=\"https:\/\/prenotami.esteri.it\/\">https:\/\/prenotami.esteri.it\/<\/a>. L\u2019accesso agli uffici della cancelleria consolare \u00e8 dunque ora possibile solo previo appuntamento. L\u2019appuntamento dovr\u00e0 essere prenotato sul portale prenot@mi utilizzando esclusivamente la propria mail personale (eventuali appuntamenti presi tramite mediatori o con indirizzi mail monouso saranno cancellati).<\/p>\n<p>Per i soli cittadini italiani, in caso di emergenza o urgenza resta sempre possibile l\u2019accesso diretto all\u2019Ambasciata, in orario d\u2019ufficio (dal luned\u00ec al gioved\u00ec dalle ore 9.30 alle ore 12.30). Non \u00e8 necessario invece appuntamento, vista la natura del servizio, per le richieste di rilascio di Emergency Travel Documents (ETD), che possono sempre essere presentate in orario di ufficio.<\/p>\n<p>Attraverso il portale e&#8217; possibile selezionare la categoria di servizio richiesto (rinnovo passaporto, atti di stato stato civile e anagrafe, atti notarili, pensioni) e il giorno e l\u2019ora desiderata. Per tutte le categorie di servizi non espressamente menzionate nel menu a tendina (ad eccezione delle legalizzazioni, che vanno richieste presso l\u2019outsourcer VFS Global), occorrera\u2019 selezionare la voce \u201ctutti gli altri servizi consolari\u201d.<\/p>\n<p>Si prega di prestare particolare attenzione alla categoria di appuntamento prenotata. In caso di errore in fase di prenotazione sara\u2019 necessario annullare l\u2019appuntamento ottenuto e procedere con una nuova prenotazione.<\/p>\n<p>I nuovi slot di appuntamento verranno pubblicati online con cadenza settimanale o mensile. In caso non risultassero momentaneamente disponibili slot di appuntamento per la categoria desiderata, si consiglia di attendere qualche giorno e quindi riprovare.<\/p>\n<p>Per qualsiasi questione inerente ai visti, si prega di consultare la pagina del sito dedicata.<\/p>\n<p><strong>NOTA BENE: per il servizio legalizzazioni occorrera\u2019 rivolgersi all\u2019outsourcer VFS Global e NON sara\u2019 possibile prendere un appuntamento direttamente in Ambasciata<\/strong><\/p>\n","protected":false},"excerpt":{"rendered":"Servizi Consolari I servizi consolari sono erogati secondo principi di eguaglianza, imparzialit\u00e0, efficienza e trasparenza. Le Ambasciate ed i Consolati assicurano a tutti i connazionali tutela in caso di violazione dei loro diritti fondamentali e di limitazione o privazione della loro libert\u00e0 personale. Inoltre assicurano assistenza per i casi di emergenza, per la ricerca di [&hellip;]","protected":false},"author":1,"featured_media":0,"parent":0,"menu_order":6,"comment_status":"closed","ping_status":"closed","template":"","meta":{"footnotes":""},"class_list":["post-15","page","type-page","status-publish","hentry"],"_links":{"self":[{"href":"https:\/\/ambcolombo.esteri.it\/it\/wp-json\/wp\/v2\/pages\/15","targetHints":{"allow":["GET"]}}],"collection":[{"href":"https:\/\/ambcolombo.esteri.it\/it\/wp-json\/wp\/v2\/pages"}],"about":[{"href":"https:\/\/ambcolombo.esteri.it\/it\/wp-json\/wp\/v2\/types\/page"}],"author":[{"embeddable":true,"href":"https:\/\/ambcolombo.esteri.it\/it\/wp-json\/wp\/v2\/users\/1"}],"replies":[{"embeddable":true,"href":"https:\/\/ambcolombo.esteri.it\/it\/wp-json\/wp\/v2\/comments?post=15"}],"version-history":[{"count":6,"href":"https:\/\/ambcolombo.esteri.it\/it\/wp-json\/wp\/v2\/pages\/15\/revisions"}],"predecessor-version":[{"id":1770,"href":"https:\/\/ambcolombo.esteri.it\/it\/wp-json\/wp\/v2\/pages\/15\/revisions\/1770"}],"wp:attachment":[{"href":"https:\/\/ambcolombo.esteri.it\/it\/wp-json\/wp\/v2\/media?parent=15"}],"curies":[{"name":"wp","href":"https:\/\/api.w.org\/{rel}","templated":true}]}}