{"id":2396,"date":"2025-07-22T16:38:36","date_gmt":"2025-07-22T11:08:36","guid":{"rendered":"https:\/\/ambcolombo.esteri.it\/?page_id=2396"},"modified":"2025-07-22T16:38:36","modified_gmt":"2025-07-22T11:08:36","slug":"trascrizione-del-decesso","status":"publish","type":"page","link":"https:\/\/ambcolombo.esteri.it\/it\/servizi-consolari-e-visti\/servizi-per-il-cittadino-italiano\/stato-civile\/trascrizione-del-decesso\/","title":{"rendered":"Trascrizione del decesso"},"content":{"rendered":"<p>Il decesso di un cittadino italiano avvenuto all\u2019estero deve essere trascritto in Italia presso il Comune di utlima residenza o di iscrizione AIRE o di nascita.<\/p>\n<p>I documenti necessari per registrare il decesso sono:<\/p>\n<ul>\n<li>certificato di morte rilasciato dall\u2019Ufficio di Stato Civile srilankese o maldiviano nel cui territorio \u00e8 avvenuto il decesso. Tale certificato, prima di essere presentato in Ambasciata, dovr\u00e0 essere sottoposto al Ministero degli Affari Esteri dello Sri Lanka, che dovr\u00e0 rilasciare un\u2019apposita attestazione. NOTA BENE: L\u2019ATTESTAZIONE DEVE ESSERE RELATIVA ALL\u2019AUTORIT\u00c0 CHE HA RILASCIATO L\u2019ATTO, E NON AD EVENTUALI TRADUZIONI O REGISTRI;<\/li>\n<li>copia del passaporto italiano del defunto e del passaporto di chi chiede la trascrizione;<\/li>\n<li><a href=\"https:\/\/ambcolombo.esteri.it\/wp-content\/uploads\/2025\/04\/Richiesta_trascrizione_atto_morte-03.2023.pdf\">modulo di richiesta di trascrizione<\/a> compilato, datato e firmato.<\/li>\n<\/ul>\n","protected":false},"excerpt":{"rendered":"Il decesso di un cittadino italiano avvenuto all\u2019estero deve essere trascritto in Italia presso il Comune di utlima residenza o di iscrizione AIRE o di nascita. I documenti necessari per registrare il decesso sono: certificato di morte rilasciato dall\u2019Ufficio di Stato Civile srilankese o maldiviano nel cui territorio \u00e8 avvenuto il decesso. Tale certificato, prima [&hellip;]","protected":false},"author":6,"featured_media":0,"parent":68,"menu_order":0,"comment_status":"closed","ping_status":"closed","template":"","meta":{"footnotes":""},"class_list":["post-2396","page","type-page","status-publish","hentry"],"_links":{"self":[{"href":"https:\/\/ambcolombo.esteri.it\/it\/wp-json\/wp\/v2\/pages\/2396","targetHints":{"allow":["GET"]}}],"collection":[{"href":"https:\/\/ambcolombo.esteri.it\/it\/wp-json\/wp\/v2\/pages"}],"about":[{"href":"https:\/\/ambcolombo.esteri.it\/it\/wp-json\/wp\/v2\/types\/page"}],"author":[{"embeddable":true,"href":"https:\/\/ambcolombo.esteri.it\/it\/wp-json\/wp\/v2\/users\/6"}],"replies":[{"embeddable":true,"href":"https:\/\/ambcolombo.esteri.it\/it\/wp-json\/wp\/v2\/comments?post=2396"}],"version-history":[{"count":1,"href":"https:\/\/ambcolombo.esteri.it\/it\/wp-json\/wp\/v2\/pages\/2396\/revisions"}],"predecessor-version":[{"id":2397,"href":"https:\/\/ambcolombo.esteri.it\/it\/wp-json\/wp\/v2\/pages\/2396\/revisions\/2397"}],"up":[{"embeddable":true,"href":"https:\/\/ambcolombo.esteri.it\/it\/wp-json\/wp\/v2\/pages\/68"}],"wp:attachment":[{"href":"https:\/\/ambcolombo.esteri.it\/it\/wp-json\/wp\/v2\/media?parent=2396"}],"curies":[{"name":"wp","href":"https:\/\/api.w.org\/{rel}","templated":true}]}}