{"id":40,"date":"2023-04-11T18:01:19","date_gmt":"2023-04-11T16:01:19","guid":{"rendered":"https:\/\/ambasciatapraga.esteri.it\/?page_id=40"},"modified":"2026-01-06T12:32:00","modified_gmt":"2026-01-06T07:02:00","slug":"gli-uffici","status":"publish","type":"page","link":"https:\/\/ambcolombo.esteri.it\/it\/chi-siamo\/gli-uffici\/","title":{"rendered":"Gli Uffici"},"content":{"rendered":"<p>L&#8217;Ambasciata d&#8217;Italia in Sri Lanka e&#8217; in Jawatta Road 55, a Colombo 5 (Sri Lanka).<\/p>\n<p>&nbsp;<\/p>\n<p><strong>ORARI DI APERTURA AL PUBBLICO<\/strong><\/p>\n<p><strong>La Sezione Visti<\/strong> \u00e8 aperta al pubblico <u>solo su appuntamento<\/u> (tramite il portale <a href=\"https:\/\/prenotami.esteri.it\/\">prenot@mi<\/a>) e <span style=\"text-decoration: underline;\">solo per la categoria famigliari di cittadini UE<\/span> dal luned\u00ec al venerd\u00ec dalle 09.30 alle 12:30<\/p>\n<p><strong>La Sezione Consolare<\/strong> \u00e8 aperta al pubblico dal luned\u00ec al gioved\u00ec dalle 09:30 alle 12:30<\/p>\n<p>&nbsp;<\/p>\n<p><strong>Fuso orario<\/strong>\u00a0rispetto all&#8217;Italia:<br \/>\nL&#8217;orario nello Sri Lanka porta una differenza di\u00a0<strong>+04.30<\/strong>\u00a0ore quando in Italia e&#8217; in vigore l&#8217;ora solare e\u00a0<strong>+03.30<\/strong>\u00a0ore quando e&#8217; in vigore l&#8217;ora legale.<\/p>\n<p>&nbsp;<\/p>\n<p><strong>Calendario ufficiale festivit\u00e0<\/strong><br \/>\nPer l&#8217;anno 2026 gli Uffici dell&#8217;Ambasciata rimarranno chiusi nei seguenti giorni, in osservanza di alcune festivit\u00e0 italiane e srilankesi:<\/p>\n<ul>\n<li>1 Gennaio, gioved\u00ec, Capodanno<\/li>\n<li>3 Gennaio, sabato, Duruthu Full Moon Poya Day<\/li>\n<li>15 Gennaio, gioved\u00ec, Tamil Thai Pongal Day<\/li>\n<li>4 Febbraio, mercoled\u00ec, Festa Nazionale dello Sri Lanka<\/li>\n<li>6 Aprile, luned\u00ec, Luned\u00ec dell\u2019Angelo<\/li>\n<li>14 Aprile, marted\u00ec, Capodanno Sinhala e Tamil<\/li>\n<li>1 Maggio, venerd\u00ec, Festa del Lavoro<\/li>\n<li>1 Maggio, venerd\u00ec, Vesak Full Moon Poya Day<\/li>\n<li>2 Giugno, marted\u00ec, Festa della Repubblica<\/li>\n<li>25 Dicembre, venerd\u00ec, Natale<\/li>\n<li>26 Dicembre, sabato, Santo Stefano<\/li>\n<\/ul>\n<p>&nbsp;<\/p>\n<p><strong>Modalita&#8217; di accesso al pubblico<\/strong><\/p>\n<p>Al fine di migliorare il servizio. a partire dal 21\/10\/2022 e\u2019 attivo un nuovo sistema online di prenotazione appuntamenti per i servizi consolari offerti dall\u2019Ambasciata, disponibile al link\u00a0<a href=\"https:\/\/prenotami.esteri.it\/\">https:\/\/prenotami.esteri.it\/<\/a>. L\u2019accesso agli uffici della cancelleria consolare e&#8217; dunque ora possibile solo previo appuntamento. Per i soli cittadini italiani, in caso di emergenza o urgenza resta sempre possibile l\u2019accesso diretto all\u2019Ambasciata, in orario d\u2019ufficio (lunedi\u2019-giovedi 9.30-12.30). Non e\u2019 necessario invece appuntamento, vista la natura del servizio, per le richieste di lascio di Emergency travel Documents (ETD), che possono sempre essere presentate in orario di ufficio.<\/p>\n<p>Attraverso il portale e&#8217; possibile selezionare la categoria di servizio richiesto (rinnovo passaporto, atti di stato stato civile e anagrafe, atti notarili, pensioni) e il giorno e l\u2019ora desiderata. Per tutte le categorie di servizi non espressamente menzionate nel menu a tendina (ad eccezione delle legalizzazioni, che continuano ad essere effettuate tramite l\u2019outsourcer Forsiter), occorrera\u2019 selezionare la voce \u201ctutti gli altri servizi consolari\u201d.<\/p>\n<p>Si prega di prestare particolare attenzione alla categoria di appuntamento prenotata. In caso di errore in fase di prenotazione sara\u2019 necessario annullare l\u2019appuntamento ottenuto e procedere con una nuova prenotazione.<\/p>\n<p>I nuovi slot di appuntamento verranno pubblicati online con cadenza settimanale o mensile. In caso non risultassero momentaneamente disponibili slot di appuntamento per la categoria desiderata, si consiglia di attendere qualche giorno e quindi riprovare.<\/p>\n<p>Per qualsiasi questione inerente ai visti, si prega di consultare la pagina del sito dedicata.<\/p>\n<p>NOTA BENE: per il servizio legalizzazioni NON e&#8217; possibile prendere un appuntamento direttamente in Ambasciata, ma e&#8217; necessario seguire la procedura descritta nella sezione &#8220;<a href=\"https:\/\/ambcolombo.esteri.it\/it\/servizi-consolari-e-visti\/servizi-per-il-cittadino-straniero\/traduzione-e-legalizzazione-dei-documenti\/\">Traduzioni e legalizzazioni<\/a>&#8221;<\/p>\n<p>&nbsp;<\/p>\n<p><strong>Passaporti diplomatici o di servizio<\/strong><\/p>\n<p><span style=\"color: black;\">L&#8217;Ambasciata d&#8217;Italia in Sri Lanka riceve <span style=\"text-decoration: underline;\">senza appuntamento<\/span> le seguenti categorie di passaporto:<\/span><\/p>\n<p><span style=\"color: black;\">1) Diplomatici, dal luned\u00ec al venerd\u00ec dalle ore 10:00 alle ore 12:00;<\/span><\/p>\n<p><span style=\"color: black;\">2) Di servizio, dal luned\u00ec al venerd\u00ec dalle ore 10:00 alle ore 12:00, esclusivamente per quanto concerne le missioni ufficiali e previa esibizione di nota verbale in originale, a firma del Ministero Affari Esteri.<\/span><\/p>\n","protected":false},"excerpt":{"rendered":"L&#8217;Ambasciata d&#8217;Italia in Sri Lanka e&#8217; in Jawatta Road 55, a Colombo 5 (Sri Lanka). &nbsp; ORARI DI APERTURA AL PUBBLICO La Sezione Visti \u00e8 aperta al pubblico solo su appuntamento (tramite il portale prenot@mi) e solo per la categoria famigliari di cittadini UE dal luned\u00ec al venerd\u00ec dalle 09.30 alle 12:30 La Sezione Consolare [&hellip;]","protected":false},"author":1,"featured_media":0,"parent":13,"menu_order":4,"comment_status":"closed","ping_status":"closed","template":"","meta":{"footnotes":""},"class_list":["post-40","page","type-page","status-publish","hentry"],"_links":{"self":[{"href":"https:\/\/ambcolombo.esteri.it\/it\/wp-json\/wp\/v2\/pages\/40","targetHints":{"allow":["GET"]}}],"collection":[{"href":"https:\/\/ambcolombo.esteri.it\/it\/wp-json\/wp\/v2\/pages"}],"about":[{"href":"https:\/\/ambcolombo.esteri.it\/it\/wp-json\/wp\/v2\/types\/page"}],"author":[{"embeddable":true,"href":"https:\/\/ambcolombo.esteri.it\/it\/wp-json\/wp\/v2\/users\/1"}],"replies":[{"embeddable":true,"href":"https:\/\/ambcolombo.esteri.it\/it\/wp-json\/wp\/v2\/comments?post=40"}],"version-history":[{"count":6,"href":"https:\/\/ambcolombo.esteri.it\/it\/wp-json\/wp\/v2\/pages\/40\/revisions"}],"predecessor-version":[{"id":2749,"href":"https:\/\/ambcolombo.esteri.it\/it\/wp-json\/wp\/v2\/pages\/40\/revisions\/2749"}],"up":[{"embeddable":true,"href":"https:\/\/ambcolombo.esteri.it\/it\/wp-json\/wp\/v2\/pages\/13"}],"wp:attachment":[{"href":"https:\/\/ambcolombo.esteri.it\/it\/wp-json\/wp\/v2\/media?parent=40"}],"curies":[{"name":"wp","href":"https:\/\/api.w.org\/{rel}","templated":true}]}}