{"id":42,"date":"2023-04-11T18:08:31","date_gmt":"2023-04-11T16:08:31","guid":{"rendered":"https:\/\/ambasciatapraga.esteri.it\/?page_id=42"},"modified":"2024-08-28T12:18:09","modified_gmt":"2024-08-28T06:48:09","slug":"la-rete-consolare","status":"publish","type":"page","link":"https:\/\/ambcolombo.esteri.it\/it\/chi-siamo\/la-rete-consolare\/","title":{"rendered":"La Rete Consolare"},"content":{"rendered":"<p><strong>La rete consolare<br \/>\n<\/strong><br \/>\nDal 1966 l&#8217;Ambasciata d&#8217;Italia a Colombo \u00e8 competente anche per i rapporti con la <strong>Repubblica delle Maldive<\/strong> dove \u00e8 attivo un Ufficio Consolare Onorario.<br \/>\n<strong><br \/>\nAgenzia Consolare Onoraria d&#8217;Italia alle Maldive<\/strong><\/p>\n<p>Consolato Onorario d&#8217;Italia a Mal\u00e9:<br \/>\nH. Maaram Building, Mal\u00e9<br \/>\nRepublic of Maldives<br \/>\nCell. di reperibilit\u00e0 <u>solo in casi d&#8217;emergenza<\/u> : <span class=\"baec5a81-e4d6-4674-97f3-e9220f0136c1\">+960 7786773<\/span><br \/>\nE-mail:\u00a0<a href=\"mailto:male.onorario@esteri.it\">male.onorario@esteri.it<\/a><\/p>\n<p><em>Agente Consolare Onorario:\u00a0<strong>Giorgia Marazzi<\/strong><\/em><\/p>\n<p><a href=\"https:\/\/www.esteri.it\/mae\/ministero\/retediplomatica\/3420109.pdf\">Decreto di Limitazione di Funzioni<\/a><\/p>\n<p>Ulteriori informazioni possono essere richieste all&#8217;ufficio consolare dell&#8217;Ambasciata.<\/p>\n<p><strong>Ambasciata d&#8217;Italia a Colombo<br \/>\nSezione Consolare<\/strong><\/p>\n<p>55, Jawatta Road<br \/>\nColombo 5<br \/>\nSri Lanka<\/p>\n<p>Tel:\u00a0\u00a0<span class=\"baec5a81-e4d6-4674-97f3-e9220f0136c1\">+94 11 2588388<a title=\"Call: +94 11 2588388\" href=\"https:\/\/ambcolombo.esteri.it\/ambasciata_colombo\/it\/ambasciata\/la_rete_consolare#\"><img decoding=\"async\" title=\"Call: +94 11 2588388\" src=\"data:image\/png;base64,iVBORw0KGgoAAAANSUhEUgAAABAAAAAQCAYAAAAf8\/9hAAAACXBIWXMAAA7EAAAOxAGVKw4bAAAAIGNIUk0AAHolAACAgwAA+f8AAIDpAAB1MAAA6mAAADqYAAAXb5JfxUYAAAKLSURBVHjadJPfS5NhFMe\/21xvuhXRyJAZroiSrJnbRdT7vrAf5HBaK5RABmEEwQIvkpZ\/QRcWXdSFw5soKaF0F7qZeLO13mGBDpQsf5CoxVKHOt0Pctp2uvEdrzG\/V+c553w\/54HnPDIiQiGpPMETABoB2AAYd9MRAMMAvGmX+RcAyAoBVJ7gZQDtABworH4AHWmX+bOMZdkjCoXiUzabvcAwzPSsob5p\/VTNY9GcdpnxdmYZ9wJThSCtCr1e\/4XjuNPd3d1KjUZzaGbI27ysqzGQoggAsLa1A7ehArrDxfDNr0oBlQB+wmKxbJFEL968SxoamsjkHaPU9l9piUo6A0RE1DG2QCWdASrpDAzJM5kMI8XecdjVxfEl+K9dxFgsgUvvR6HyBKHyBAEATyKLeGSsENuNcqk5kUjEGm7fzcYqr0ClVODl99+YXEvl6+c1amjVe+ahiGGYaUEQKnmeh91uL43rqheixjpdmzCL11er0PcjhrTLvMfUJsyKYUSeyWQ6enp6tgCgrKxsfbP8bB8AdE1G89cOReMAgOv+Cag8QXRNRkXAsDwcDr+am5tLCYKA3t7eo2dG+1vVK\/MfpRPtA+MIReMYaKj+\/xm9MiICx3EmpVL5wefzFavValis1u1vvHMkdfykCQC0kSGUTo+Ajmnx1dSC7IGD+UUCEYGIwLKsyWazrSeTSSIiMpnNf7Ttz5+ec96fr7\/VnE0mk+QfHMzV3WjcKH\/4rEr05QGFIA6HY4llWRLPRER+v3\/HYrFMFQSIkNra2tVQKJSlfcSyLO0LECFWq3XF6XRGA4HAptTsdrsXeZ6fEHtl+31nAOA4rkUulz\/I5XL63dQGgHEAN8Ph8AYA\/BsAt4ube4GblQIAAAAASUVORK5CYII=\" alt=\"\" \/><\/a><\/span><br \/>\nFax:\u00a0<span class=\"baec5a81-e4d6-4674-97f3-e9220f0136c1\">+94 11 2596344<a title=\"Call: +94 11 2596344\" href=\"https:\/\/ambcolombo.esteri.it\/ambasciata_colombo\/it\/ambasciata\/la_rete_consolare#\"><img decoding=\"async\" title=\"Call: +94 11 2596344\" src=\"data:image\/png;base64,iVBORw0KGgoAAAANSUhEUgAAABAAAAAQCAYAAAAf8\/9hAAAACXBIWXMAAA7EAAAOxAGVKw4bAAAAIGNIUk0AAHolAACAgwAA+f8AAIDpAAB1MAAA6mAAADqYAAAXb5JfxUYAAAKLSURBVHjadJPfS5NhFMe\/21xvuhXRyJAZroiSrJnbRdT7vrAf5HBaK5RABmEEwQIvkpZ\/QRcWXdSFw5soKaF0F7qZeLO13mGBDpQsf5CoxVKHOt0Pctp2uvEdrzG\/V+c553w\/54HnPDIiQiGpPMETABoB2AAYd9MRAMMAvGmX+RcAyAoBVJ7gZQDtABworH4AHWmX+bOMZdkjCoXiUzabvcAwzPSsob5p\/VTNY9GcdpnxdmYZ9wJThSCtCr1e\/4XjuNPd3d1KjUZzaGbI27ysqzGQoggAsLa1A7ehArrDxfDNr0oBlQB+wmKxbJFEL968SxoamsjkHaPU9l9piUo6A0RE1DG2QCWdASrpDAzJM5kMI8XecdjVxfEl+K9dxFgsgUvvR6HyBKHyBAEATyKLeGSsENuNcqk5kUjEGm7fzcYqr0ClVODl99+YXEvl6+c1amjVe+ahiGGYaUEQKnmeh91uL43rqheixjpdmzCL11er0PcjhrTLvMfUJsyKYUSeyWQ6enp6tgCgrKxsfbP8bB8AdE1G89cOReMAgOv+Cag8QXRNRkXAsDwcDr+am5tLCYKA3t7eo2dG+1vVK\/MfpRPtA+MIReMYaKj+\/xm9MiICx3EmpVL5wefzFavValis1u1vvHMkdfykCQC0kSGUTo+Ajmnx1dSC7IGD+UUCEYGIwLKsyWazrSeTSSIiMpnNf7Ttz5+ec96fr7\/VnE0mk+QfHMzV3WjcKH\/4rEr05QGFIA6HY4llWRLPRER+v3\/HYrFMFQSIkNra2tVQKJSlfcSyLO0LECFWq3XF6XRGA4HAptTsdrsXeZ6fEHtl+31nAOA4rkUulz\/I5XL63dQGgHEAN8Ph8AYA\/BsAt4ube4GblQIAAAAASUVORK5CYII=\" alt=\"\" \/><\/a><\/span><br \/>\nemail: <a href=\"mailto:consolare.ambcolombo@esteri.it\">consolare.ambcolombo@esteri.it<\/a><\/p>\n<p>PEC: <a href=\"mailto:amb.colombo.pass@cert.esteri.it\">amb.colombo.pass@cert.esteri.it<\/a><\/p>\n","protected":false},"excerpt":{"rendered":"La rete consolare Dal 1966 l&#8217;Ambasciata d&#8217;Italia a Colombo \u00e8 competente anche per i rapporti con la Repubblica delle Maldive dove \u00e8 attivo un Ufficio Consolare Onorario. Agenzia Consolare Onoraria d&#8217;Italia alle Maldive Consolato Onorario d&#8217;Italia a Mal\u00e9: H. Maaram Building, Mal\u00e9 Republic of Maldives Cell. di reperibilit\u00e0 solo in casi d&#8217;emergenza : +960 7786773 [&hellip;]","protected":false},"author":1,"featured_media":0,"parent":13,"menu_order":8,"comment_status":"closed","ping_status":"closed","template":"","meta":{"footnotes":""},"class_list":["post-42","page","type-page","status-publish","hentry"],"_links":{"self":[{"href":"https:\/\/ambcolombo.esteri.it\/it\/wp-json\/wp\/v2\/pages\/42","targetHints":{"allow":["GET"]}}],"collection":[{"href":"https:\/\/ambcolombo.esteri.it\/it\/wp-json\/wp\/v2\/pages"}],"about":[{"href":"https:\/\/ambcolombo.esteri.it\/it\/wp-json\/wp\/v2\/types\/page"}],"author":[{"embeddable":true,"href":"https:\/\/ambcolombo.esteri.it\/it\/wp-json\/wp\/v2\/users\/1"}],"replies":[{"embeddable":true,"href":"https:\/\/ambcolombo.esteri.it\/it\/wp-json\/wp\/v2\/comments?post=42"}],"version-history":[{"count":6,"href":"https:\/\/ambcolombo.esteri.it\/it\/wp-json\/wp\/v2\/pages\/42\/revisions"}],"predecessor-version":[{"id":1563,"href":"https:\/\/ambcolombo.esteri.it\/it\/wp-json\/wp\/v2\/pages\/42\/revisions\/1563"}],"up":[{"embeddable":true,"href":"https:\/\/ambcolombo.esteri.it\/it\/wp-json\/wp\/v2\/pages\/13"}],"wp:attachment":[{"href":"https:\/\/ambcolombo.esteri.it\/it\/wp-json\/wp\/v2\/media?parent=42"}],"curies":[{"name":"wp","href":"https:\/\/api.w.org\/{rel}","templated":true}]}}