{"id":46,"date":"2023-04-11T18:11:52","date_gmt":"2023-04-11T16:11:52","guid":{"rendered":"https:\/\/ambasciatapraga.esteri.it\/?page_id=46"},"modified":"2025-10-23T13:25:16","modified_gmt":"2025-10-23T07:55:16","slug":"cooperazione-allo-sviluppo","status":"publish","type":"page","link":"https:\/\/ambcolombo.esteri.it\/it\/italia-e-sri-lanka\/cooperazione-allo-sviluppo\/","title":{"rendered":"Cooperazione allo sviluppo"},"content":{"rendered":"<p>L&#8217;Ambasciata d&#8217;Italia a Colombo non ha attualmente un ufficio dedicato alla Cooperazione Internazionale.<\/p>\n<p>In passato, significativa \u00e8 stata la manifestazione di solidariet\u00e0 italiana dopo lo tsunami che ha colpito il Paese nel dicembre 2004, che si \u00e8 concretizzata in un contributo di oltre 100 milioni di euro (ripartiti tra Esteri e Protezione Civile) e in programmi di conversione del debito srilankese verso l\u2019Italia.<\/p>\n<p>Nella fase pi\u00f9 acuta della crisi economica del 2022, l\u2019Italia ha risposto alla richiesta di assistenza di Colombo assicurando un contributo di 340.000 euro per l\u2019acquisto di medicinali tramite l\u2019OMS e un ulteriore contributo di 300.000 euro a valere sul Fondo Bilaterale d\u2019Emergenza del PAM per interventi nel campo della sicurezza alimentare.<\/p>\n<p>Pi\u00f9 recentemente, tra luglio e agosto 2025, nell\u2019ambito del progetto \u00abRafforzare le capacit\u00e0 nazionali per la costruzione e la gestione di infrastrutture resilienti ai disastri naturali\u00bb, rappresentanti del Dipartimento della Protezione Civile italiana e della Fondazione CIMA hanno visitato lo Sri\u202fLanka per incontrare gli esponenti del Disaster Management Centre (DMC). La visita si \u00e8 concentrata sui sistemi di gestione delle emergenze e hanno incluso workshop con le autorit\u00e0 competenti. Il progetto, finanziato dal Ministero degli Esteri e della Cooperazione Internazionale, \u00e8 continuato con una visita di studio in Italia a novembre 2025.<\/p>\n","protected":false},"excerpt":{"rendered":"L&#8217;Ambasciata d&#8217;Italia a Colombo non ha attualmente un ufficio dedicato alla Cooperazione Internazionale. In passato, significativa \u00e8 stata la manifestazione di solidariet\u00e0 italiana dopo lo tsunami che ha colpito il Paese nel dicembre 2004, che si \u00e8 concretizzata in un contributo di oltre 100 milioni di euro (ripartiti tra Esteri e Protezione Civile) e in [&hellip;]","protected":false},"author":1,"featured_media":0,"parent":14,"menu_order":6,"comment_status":"closed","ping_status":"closed","template":"","meta":{"footnotes":""},"class_list":["post-46","page","type-page","status-publish","hentry"],"_links":{"self":[{"href":"https:\/\/ambcolombo.esteri.it\/it\/wp-json\/wp\/v2\/pages\/46","targetHints":{"allow":["GET"]}}],"collection":[{"href":"https:\/\/ambcolombo.esteri.it\/it\/wp-json\/wp\/v2\/pages"}],"about":[{"href":"https:\/\/ambcolombo.esteri.it\/it\/wp-json\/wp\/v2\/types\/page"}],"author":[{"embeddable":true,"href":"https:\/\/ambcolombo.esteri.it\/it\/wp-json\/wp\/v2\/users\/1"}],"replies":[{"embeddable":true,"href":"https:\/\/ambcolombo.esteri.it\/it\/wp-json\/wp\/v2\/comments?post=46"}],"version-history":[{"count":3,"href":"https:\/\/ambcolombo.esteri.it\/it\/wp-json\/wp\/v2\/pages\/46\/revisions"}],"predecessor-version":[{"id":2543,"href":"https:\/\/ambcolombo.esteri.it\/it\/wp-json\/wp\/v2\/pages\/46\/revisions\/2543"}],"up":[{"embeddable":true,"href":"https:\/\/ambcolombo.esteri.it\/it\/wp-json\/wp\/v2\/pages\/14"}],"wp:attachment":[{"href":"https:\/\/ambcolombo.esteri.it\/it\/wp-json\/wp\/v2\/media?parent=46"}],"curies":[{"name":"wp","href":"https:\/\/api.w.org\/{rel}","templated":true}]}}