{"id":67,"date":"2023-04-11T18:17:44","date_gmt":"2023-04-11T16:17:44","guid":{"rendered":"https:\/\/ambasciatapraga.esteri.it\/?page_id=67"},"modified":"2025-12-08T16:35:04","modified_gmt":"2025-12-08T11:05:04","slug":"emergency-travel-documents-etd","status":"publish","type":"page","link":"https:\/\/ambcolombo.esteri.it\/it\/servizi-consolari-e-visti\/servizi-per-il-cittadino-italiano\/emergency-travel-documents-etd\/","title":{"rendered":"Emergency Travel Documents (ETD)"},"content":{"rendered":"<p>Se ci si trova all\u2019estero in una situazione di emergenza (ad esempio, da turisti in transito si \u00e8 subito il furto o lo smarrimento del passaporto) e non si ha modo o tempo di richiedere l\u2019emissione di un nuovo passaporto l\u2019Ufficio Consolare dell\u2019Ambasciata pu\u00f2 rilasciare un <strong>documento provvisorio di viaggio (anche chiamato E.T.D. \u2013 Emergency Travel Document).\u00a0<\/strong><\/p>\n<p>Dal 9 dicembre 2025 \u00e8 in vigore il nuovo documento di viaggio di emergenza (<strong>EU Emergency\u00a0Travel Documen<\/strong>t), previsto dalla Direttiva 2019\/997 e dal Decreto del Ministero degli Affari Esteri e della Cooperazione Internazionale del 26 luglio 2024.<\/p>\n<p>L\u2019EU ETD \u00e8 un documento di emergenza che pu\u00f2 essere rilasciato a favore dei connazionali o dei cittadini di Paesi UE non rappresentati limitatamente a un solo viaggio verso lo Stato membro di cui il richiedente \u00e8 cittadino, verso il suo Paese di residenza permanente o, eccezionalmente, verso un&#8217;altra destinazione. Esso pu\u00f2 essere rilasciato a qualsiasi cittadino dell\u2019Unione, previa autorizzazione dello Stato membro di cittadinanza.<\/p>\n<p>La domanda di EU ETD \u00e8 presentata mediante il modulo che \u00e8 possibile scaricare in calce, e deve essere corredata da:<br \/>\na) dichiarazione di furto o smarrimento del passaporto o di altro documento di viaggio, resa all&#8217;Ufficio consolare ai sensi degli artt. 46 e 47 del D.P.R. 28 dicembre 2000, n. 445, e con le accortezze di cui all&#8217;art. 76 del medesimo decreto;<br \/>\nb) denuncia del furto o dello smarrimento o della distruzione del passaporto o di altro documento di viaggio alle locali autorit\u00e0 di polizia;<br \/>\nc) nei casi in cui al momento della domanda non sia possibile rilevare un&#8217;immagine del volto del richiedente, una fotografia digitale o scansionata del richiedente, in base alle norme stabilite nel documento 9303 dell&#8217;Organizzazione per l&#8217;Aviazione Civile Internazionale (ICAO) sui documenti di viaggio a lettura ottica;<br \/>\nd) il titolo di viaggio, ove possibile.<\/p>\n<p>L&#8217;EU ETD ha una validit\u00e0 pari alla durata del viaggio per il quale \u00e8 stato rilasciato, per un massimo di quindici giorni.<\/p>\n<p><strong>In base alle nuove disposizioni il beneficiario di EU ETD ha l\u2019obbligo di consegnare, una volta giunto a destinazione, il documento alla polizia di frontiera o ad altro posto di polizia, indipendentemente dalla validit\u00e0 residua. Qualora il beneficiario di un EU ETD rilasciato da un Ufficio consolare viaggi verso un Paese diverso dall\u2019Italia, il beneficiario ha l\u2019obbligo restituire il documento all\u2019Ufficio consolare territorialmente competente per la localit\u00e0 di destinazione.<\/strong><\/p>\n<p>Non \u00e8 previsto, per il 2026, alcun costo per l\u2019utenza, salvo eventuali spese di spedizione (della documentazione e dell\u2019ETD rilasciato), che sono a carico dell\u2019interessato.<\/p>\n<p>Si ricorda che la denuncia di furto o smarrimento del passaporto resa alle locali Autorit\u00e0 di Polizia va utilizzata anche per facilitare il\u00a0 transito alla frontiera in mancanza del passaporto sul quale era stato apposto il visto di ingresso nello Sri Lanka o alle Maldive.<\/p>\n<p>Per ottenere un ETD non \u00e8 necessaria la presenza in Ambasciata, ma ritirare l\u2019ETD in Ambasciata \u00e8 il modo pi\u00f9 veloce e sicuro per entrarne in possesso. Diversamente, infatti, sar\u00e0 necessario spedire per posta all\u2019Ambasciata la documentazione e il denaro necessari per il rilascio, e l\u2019ETD dovr\u00e0 poi essere spedito per posta all\u2019indirizzo indicato dal richiedente, senza garanzie sui tempi necessari per le spedizioni.<\/p>\n<p><a href=\"https:\/\/ambcolombo.esteri.it\/wp-content\/uploads\/2025\/12\/Formulario-ETD-UE.pdf\">Modulo richiesta ETD EU<\/a><\/p>\n<p>&nbsp;<\/p>\n","protected":false},"excerpt":{"rendered":"Se ci si trova all\u2019estero in una situazione di emergenza (ad esempio, da turisti in transito si \u00e8 subito il furto o lo smarrimento del passaporto) e non si ha modo o tempo di richiedere l\u2019emissione di un nuovo passaporto l\u2019Ufficio Consolare dell\u2019Ambasciata pu\u00f2 rilasciare un documento provvisorio di viaggio (anche chiamato E.T.D. \u2013 Emergency [&hellip;]","protected":false},"author":1,"featured_media":0,"parent":47,"menu_order":2,"comment_status":"closed","ping_status":"closed","template":"","meta":{"footnotes":""},"class_list":["post-67","page","type-page","status-publish","hentry"],"_links":{"self":[{"href":"https:\/\/ambcolombo.esteri.it\/it\/wp-json\/wp\/v2\/pages\/67","targetHints":{"allow":["GET"]}}],"collection":[{"href":"https:\/\/ambcolombo.esteri.it\/it\/wp-json\/wp\/v2\/pages"}],"about":[{"href":"https:\/\/ambcolombo.esteri.it\/it\/wp-json\/wp\/v2\/types\/page"}],"author":[{"embeddable":true,"href":"https:\/\/ambcolombo.esteri.it\/it\/wp-json\/wp\/v2\/users\/1"}],"replies":[{"embeddable":true,"href":"https:\/\/ambcolombo.esteri.it\/it\/wp-json\/wp\/v2\/comments?post=67"}],"version-history":[{"count":6,"href":"https:\/\/ambcolombo.esteri.it\/it\/wp-json\/wp\/v2\/pages\/67\/revisions"}],"predecessor-version":[{"id":2737,"href":"https:\/\/ambcolombo.esteri.it\/it\/wp-json\/wp\/v2\/pages\/67\/revisions\/2737"}],"up":[{"embeddable":true,"href":"https:\/\/ambcolombo.esteri.it\/it\/wp-json\/wp\/v2\/pages\/47"}],"wp:attachment":[{"href":"https:\/\/ambcolombo.esteri.it\/it\/wp-json\/wp\/v2\/media?parent=67"}],"curies":[{"name":"wp","href":"https:\/\/api.w.org\/{rel}","templated":true}]}}