{"id":74,"date":"2023-04-11T18:20:09","date_gmt":"2023-04-11T16:20:09","guid":{"rendered":"https:\/\/ambasciatapraga.esteri.it\/?page_id=74"},"modified":"2025-01-09T12:43:35","modified_gmt":"2025-01-09T07:13:35","slug":"autoveicoli-e-patenti-di-guida","status":"publish","type":"page","link":"https:\/\/ambcolombo.esteri.it\/it\/servizi-consolari-e-visti\/servizi-per-il-cittadino-italiano\/autoveicoli-e-patenti-di-guida\/","title":{"rendered":"Autoveicoli e Patenti di guida"},"content":{"rendered":"<article id=\"articolo_centro\" class=\"col-md-19 col-sm-19 padding_articolo item-page\" role=\"main\" aria-label=\"articolo\">\n<div>\n<p>Ai sensi della Circolare 107\/97 del Ministero delle Infrastrutture e Trasporti<strong> i titolari di patente italiana residenti o dimoranti per un periodo di almeno 6 mesi in Paesi extra UE possono ottenere presso le competenti Autorit\u00e0 diplomatico-consolari italiane la conferma della validit\u00e0 della loro patente italiana<\/strong>, scaduta da non pi\u00f9 di cinque anni e non rientrante nei casi previsti all\u2019art. 119, commi 2-bis e 4 del Codice della Strada (patenti di conducenti affetti da diabete o la cui idoneit\u00e0 psicofisica deve essere certificata da apposite commissioni mediche). Gli interessati dovranno effettuare la prevista visita medica per l\u2019accertamento dei requisiti psichici e fisici, dopo di che l&#8217;Ufficio consolare rilascer\u00e0 apposita attestazione di rinnovo.<\/p>\n<p>La patente italiana per la quale si intende richiedere la conferma di validit\u00e0 deve essere integra e regolarmente posseduta e in scadenza (a partire da 4 mesi prima della data di scadenza) oppure \u00e8 scaduta da non pi\u00f9 di cinque anni.<\/p>\n<p>Gli interessati dovranno effettuare la prevista visita medica presso il medico di fiducia nominato dall\u2019Ambasciata per l&#8217;accertamento dei requisiti psichici e fisici e dunque dell&#8217;idoneit\u00e0 ad attenere la conferma di validit\u00e0 della patente. Dovranno dunque prendere appuntamento con il dottor A.M. Sebastianpillai, 166\/12, Kirulapone Avenue, Colombo-05, Tel. 011-2514104, 0777845674 Email sam.anton@ymail.com<\/p>\n<p>Una volta effettuata la visita medica e ottenuto il relativo certificato medico, l\u2019utente potr\u00e0 prendere appuntamento on line sul sito web dell\u2019Ambasciata (<a href=\"https:\/\/prenotami.esteri.it\/\">Prenot@mi<\/a>) e presentarsi il giorno dell\u2019appuntamento con i seguenti documenti:<\/p>\n<ol>\n<li>patente di cui si intende richiedere la conferma di validit\u00e0;<\/li>\n<li>documento d\u2019identit\u00e0 italiano in corso di validit\u00e0;<\/li>\n<li>2 fotografie in formato fototessera;<\/li>\n<li>certificato medico (come sopra)<\/li>\n<li>prova di residenza\/domicilio nella circoscrizione di questa Ambasciata<\/li>\n<li>domanda di conferma di validit\u00e0 della patente di guida (<a href=\"https:\/\/ambcolombo.esteri.it\/wp-content\/uploads\/2025\/01\/Domanda-rinnovo-patente-03.2023.pdf\"><strong>scaricare qui<\/strong><\/a>)<\/li>\n<\/ol>\n<p><strong>Il rinnovo effettuato presso una Rappresentanza diplomatica o consolare \u00e8 valido per circolare sia in Italia che all\u2019estero.<br \/>\nUna volta riacquisita la residenza o la dimora in Italia, la patente di guida dovr\u00e0 essere confermata dal competente ufficio centrale del Dipartimento per i trasporti, la navigazione ed i sistemi informativi e statistici.<\/strong><\/p>\n<\/div>\n<hr \/>\n<div class=\"row\"><\/div>\n<\/article>\n","protected":false},"excerpt":{"rendered":"Ai sensi della Circolare 107\/97 del Ministero delle Infrastrutture e Trasporti i titolari di patente italiana residenti o dimoranti per un periodo di almeno 6 mesi in Paesi extra UE possono ottenere presso le competenti Autorit\u00e0 diplomatico-consolari italiane la conferma della validit\u00e0 della loro patente italiana, scaduta da non pi\u00f9 di cinque anni e non [&hellip;]","protected":false},"author":1,"featured_media":0,"parent":47,"menu_order":16,"comment_status":"closed","ping_status":"closed","template":"","meta":{"footnotes":""},"class_list":["post-74","page","type-page","status-publish","hentry"],"_links":{"self":[{"href":"https:\/\/ambcolombo.esteri.it\/it\/wp-json\/wp\/v2\/pages\/74","targetHints":{"allow":["GET"]}}],"collection":[{"href":"https:\/\/ambcolombo.esteri.it\/it\/wp-json\/wp\/v2\/pages"}],"about":[{"href":"https:\/\/ambcolombo.esteri.it\/it\/wp-json\/wp\/v2\/types\/page"}],"author":[{"embeddable":true,"href":"https:\/\/ambcolombo.esteri.it\/it\/wp-json\/wp\/v2\/users\/1"}],"replies":[{"embeddable":true,"href":"https:\/\/ambcolombo.esteri.it\/it\/wp-json\/wp\/v2\/comments?post=74"}],"version-history":[{"count":6,"href":"https:\/\/ambcolombo.esteri.it\/it\/wp-json\/wp\/v2\/pages\/74\/revisions"}],"predecessor-version":[{"id":1983,"href":"https:\/\/ambcolombo.esteri.it\/it\/wp-json\/wp\/v2\/pages\/74\/revisions\/1983"}],"up":[{"embeddable":true,"href":"https:\/\/ambcolombo.esteri.it\/it\/wp-json\/wp\/v2\/pages\/47"}],"wp:attachment":[{"href":"https:\/\/ambcolombo.esteri.it\/it\/wp-json\/wp\/v2\/media?parent=74"}],"curies":[{"name":"wp","href":"https:\/\/api.w.org\/{rel}","templated":true}]}}