{"id":89,"date":"2023-04-11T18:22:07","date_gmt":"2023-04-11T16:22:07","guid":{"rendered":"https:\/\/ambasciatapraga.esteri.it\/?page_id=89"},"modified":"2024-04-17T17:21:32","modified_gmt":"2024-04-17T11:51:32","slug":"visti","status":"publish","type":"page","link":"https:\/\/ambcolombo.esteri.it\/it\/servizi-consolari-e-visti\/servizi-per-il-cittadino-straniero\/visti\/","title":{"rendered":"Visti"},"content":{"rendered":"<p>La presentazione delle domande di visto (nazionali e Schengen) avviene esclusivamente previo appuntamento da richiedere online tramite il portale dedicato, accessibile sul sito dell\u2019outsourcer VFS al link\u00a0<a href=\"https:\/\/visa.vfsglobal.com\/lka\/en\/ita\/book-an-appointment\">https:\/\/visa.vfsglobal.com\/lka\/en\/ita\/book-an-appointment<\/a>. Il pagamento deve essere effettuato attraverso carta di credito (intestate esclusivamente all\u2019interessato \u2013 o suo familiare \u2013 o dell\u2019invitante in Italia) al momento della prenotazione.<\/p>\n<p>In fase di prenotazione dell\u2019appuntamento \u00e8 necessario selezionare la categoria di visto richiesta (es. motivi familiari, lavoro subordinato, turismo, motivi religiosi, affari, studio), che NON potr\u00e0 poi pi\u00f9 essere modificata (si prega di fare quindi particolare attenzione alla categoria selezionata). Per le categorie di visto non espressamente menzionate dovr\u00e0 essere richiesto un appuntamento per \u201cTutte le altre categorie\u201d. In caso di dubbi sulla categoria di appuntamento da richiedere, si consiglia di rivolgersi preventivamente al desk informazioni di VFS.<\/p>\n<p>Si ricorda che la prenotazione deve essere effettuata direttamente dall\u2019interessato e NON tramite agenzie esterne. Appuntamenti presi per il tramite di agenzie esterne verranno cancellati e gli slot pubblicati nuovamente pubblicati online.<\/p>\n<p>Per i cittadini maldiviani (e i residenti alle Maldive), sono disponibili slot settimanali di appuntamento (NON divisi per categorie) presso gli uffici VFS di Male\u2019, prenotabili sempre tramite portale online. Visti i tempi tecnici di spedizione e restituzione del passaporto, le domande depositate a Male\u2019 dovranno essere presentate con almeno un mese di anticipo rispetto alla data prevista del viaggio. In caso di urgenza e laddove sia necessario per un cittadino maldiviano o residente alle Maldive richiedere un visto per un viaggio con partenza in un periodo compreso tra due settimane e un mese, sar\u00e0 possibile prenotare uno slot di appuntamento dedicato ai maldiviani (anche in questo caso NON diviso per categoria) presso il centro VFS di Colombo. In tal caso l\u2019interessato dovr\u00e0 recarsi a Colombo nel giorno e all\u2019ora indicata per la presentazione della domanda, e attendere sempre a Colombo fino alla restituzione del passaporto (fino a un massimo di 15 giorni). Il passaporto non potr\u00e0 essere restituito a persone diverse dal richiedente.<\/p>\n<p>I nuovi slot di appuntamenti vengono aperti con cadenza periodica, settimanale o bisettimanale. Nel caso in cui a causa dell\u2019elevata affluenza non fossero momentaneamente disponibili slot di appuntamento per la categoria desiderata, si prega di aspettare qualche giorno e quindi riprovare a fissare un appuntamento. Si prega di NON prenotare un appuntamento per un\u2019altra categoria di visto.<\/p>\n<p>Una volta ottenuto l\u2019appuntamento, sar\u00e0 possibile presentare la domanda presso gli uffici stessi di VFS a Colombo (First Floor, No 464, Galle Road Colombo 03) nel giorno e all\u2019ora indicata nella prenotazione (che si prega di portare stampata). La lista della documentazione (checklist) da presentare per le diverse categorie di visto \u00e8 disponibile sul sito di VFS e nella bacheca dell\u2019Ambasciata.<\/p>\n<p>Il nuovo sistema di appuntamenti ha sostituto interamente il sistema del \u201cfirst come first served\u201d precedentemente in vigore. Non \u00e8 dunque pi\u00f9 possibili recarsi a VFS senza appuntamento.<\/p>\n<p>Per i FAMILIARI DI CITTADINI UE (cos\u00ec come definiti dalla Direttiva 2004\/38\/CE, ovvero coniuge o partner registrato, discendenti diretti fino a 21 anni o a carico e ascendenti diretti a carico) \u00e8 invece disponibile un nuovo sistema di prenotazione dedicato attraverso il portale prenot@mi, disponibile sul sito dell\u2019Ambasciate e a questo link\u00a0<a href=\"https:\/\/prenotami.esteri.it\/\">https:\/\/prenotami.esteri.it\/<\/a>. Una volta ottenuto l\u2019appuntamento, i familiari di cittadini UE potranno presentarsi al giorno e all\u2019ora indicata direttamente presso gli Uffici dell\u2019Ambasciata d\u2019Italia (55 Jawatta Road, Colombo).<\/p>\n<p>Per i TITOLARI DI PASSAPORTO DIPLOMATICO in missione, le domande di visto potranno continuare a essere presentate direttamente in Ambasciata senza appuntamento (luned\u00ec \u2013 gioved\u00ec 10.00-12.00).<\/p>\n<p>La riconsegna dei passaporti presentati direttamente in Ambasciata (diplomatici e familiari di cittadini UE) avviene esclusivamente su convocazione, dalle 14.00 alle 15.00 dal luned\u00ec al gioved\u00ec. Per le domande di visto presentate tramite VFS, la riconsegna del passaporto \u00e8 effettuata invece da VFS.<\/p>\n<p>Eventuali INTEGRAZIONI DOCUMENTALI inerenti a domande di visto GIA\u2019 depositate in Ambasciata o presso VFS possono essere presentate direttamente in Ambasciata senza appuntamento, dal luned\u00ec al gioved\u00ec dalle 14.00 alle 15.00. Occorrer\u00e0 in tal caso recarsi in Ambasciata (Jawatta Road) con la documentazione da presentare e copia della ricevuta ottenuta al momento della presentazione della domanda di visto.<\/p>\n<p>NOTA BENE: in caso di ricongiungimento familiare, laddove il processo di legalizzazione dei documenti di stato civile rilevanti non sia stato ancora ultimato all\u2019approssimarsi dei termini semestrali di validit\u00e0 del nulla osta, si ricorda che \u00e8 sempre possibile richiedere e ottenere un appuntamento per la presentazione della domanda di visto tramite il portale online di VFS. Il giorno della presentazione effettiva della domanda (che deve comunque avvenire entro i termini di validit\u00e0 del nulla osta) sar\u00e0 sufficiente presentare copia della ricevuta di VFS che provi l\u2019avvenuto avvio del processo di legalizzazione, permettendo cos\u00ec all\u2019Ambasciata di interrompere i termini di decorrenza della validit\u00e0 del nulla osta, in attesa del completamento delle verifiche sulla documentazione di stato civile. Domande presentate oltre i termini di validit\u00e0 del nulla osta andranno invece incontro a preavviso di diniego e diniego.<\/p>\n","protected":false},"excerpt":{"rendered":"La presentazione delle domande di visto (nazionali e Schengen) avviene esclusivamente previo appuntamento da richiedere online tramite il portale dedicato, accessibile sul sito dell\u2019outsourcer VFS al link\u00a0https:\/\/visa.vfsglobal.com\/lka\/en\/ita\/book-an-appointment. Il pagamento deve essere effettuato attraverso carta di credito (intestate esclusivamente all\u2019interessato \u2013 o suo familiare \u2013 o dell\u2019invitante in Italia) al momento della prenotazione. In fase di [&hellip;]","protected":false},"author":1,"featured_media":0,"parent":48,"menu_order":0,"comment_status":"closed","ping_status":"closed","template":"","meta":{"footnotes":""},"class_list":["post-89","page","type-page","status-publish","hentry"],"_links":{"self":[{"href":"https:\/\/ambcolombo.esteri.it\/it\/wp-json\/wp\/v2\/pages\/89","targetHints":{"allow":["GET"]}}],"collection":[{"href":"https:\/\/ambcolombo.esteri.it\/it\/wp-json\/wp\/v2\/pages"}],"about":[{"href":"https:\/\/ambcolombo.esteri.it\/it\/wp-json\/wp\/v2\/types\/page"}],"author":[{"embeddable":true,"href":"https:\/\/ambcolombo.esteri.it\/it\/wp-json\/wp\/v2\/users\/1"}],"replies":[{"embeddable":true,"href":"https:\/\/ambcolombo.esteri.it\/it\/wp-json\/wp\/v2\/comments?post=89"}],"version-history":[{"count":4,"href":"https:\/\/ambcolombo.esteri.it\/it\/wp-json\/wp\/v2\/pages\/89\/revisions"}],"predecessor-version":[{"id":1164,"href":"https:\/\/ambcolombo.esteri.it\/it\/wp-json\/wp\/v2\/pages\/89\/revisions\/1164"}],"up":[{"embeddable":true,"href":"https:\/\/ambcolombo.esteri.it\/it\/wp-json\/wp\/v2\/pages\/48"}],"wp:attachment":[{"href":"https:\/\/ambcolombo.esteri.it\/it\/wp-json\/wp\/v2\/media?parent=89"}],"curies":[{"name":"wp","href":"https:\/\/api.w.org\/{rel}","templated":true}]}}